{"id":9,"date":"2026-02-25T13:04:21","date_gmt":"2026-02-25T13:04:21","guid":{"rendered":"https:\/\/visualolabs.com\/?page_id=9"},"modified":"2026-03-28T09:25:28","modified_gmt":"2026-03-28T09:25:28","slug":"home","status":"publish","type":"page","link":"https:\/\/visualolabs.com\/en\/","title":{"rendered":"Home"},"content":{"rendered":"<div data-elementor-type=\"wp-page\" data-elementor-id=\"9\" class=\"elementor elementor-9\">\n\t\t\t\t<div class=\"elementor-element elementor-element-f0c5f64 e-flex e-con-boxed e-con e-parent\" data-id=\"f0c5f64\" data-element_type=\"container\" data-e-type=\"container\" data-settings=\"{&quot;background_background&quot;:&quot;classic&quot;}\">\n\t\t\t\t\t<div class=\"e-con-inner\">\n\t\t<div class=\"elementor-element elementor-element-0610a8b e-con-full e-flex e-con e-child\" data-id=\"0610a8b\" data-element_type=\"container\" data-e-type=\"container\" data-settings=\"{&quot;background_background&quot;:&quot;classic&quot;}\">\n\t\t<div class=\"elementor-element elementor-element-bb5a4aa e-con-full e-flex e-con e-child\" data-id=\"bb5a4aa\" data-element_type=\"container\" data-e-type=\"container\">\n\t\t\t\t<div class=\"elementor-element elementor-element-4cab0b2 elementor-widget elementor-widget-spacer\" data-id=\"4cab0b2\" data-element_type=\"widget\" data-e-type=\"widget\" data-widget_type=\"spacer.default\">\n\t\t\t\t\t\t\t<div class=\"elementor-spacer\">\n\t\t\t<div class=\"elementor-spacer-inner\"><\/div>\n\t\t<\/div>\n\t\t\t\t\t\t<\/div>\n\t\t\t\t<div class=\"elementor-element elementor-element-eb6d9a4 elementor-widget elementor-widget-heading\" data-id=\"eb6d9a4\" data-element_type=\"widget\" data-e-type=\"widget\" data-widget_type=\"heading.default\">\n\t\t\t\t\t<h1 class=\"elementor-heading-title elementor-size-default\">Turn Excel Data into Presentation-Ready Slides Instantly<\/h1>\t\t\t\t<\/div>\n\t\t\t\t<div class=\"elementor-element elementor-element-280b508 elementor-widget elementor-widget-text-editor\" data-id=\"280b508\" data-element_type=\"widget\" data-e-type=\"widget\" data-widget_type=\"text-editor.default\">\n\t\t\t\t\t\t\t\t\t<p><span style=\"color: #12141d; font-family: Inter, sans-serif; background-color: #f9fafc;\">Visualo Slides transforms your spreadsheets into professional presentations in seconds \u2014 no design skills required. Save time, simplify your workflow, and deliver consistent, high-quality presentations that move your business forward.<\/span><\/p>\t\t\t\t\t\t\t\t<\/div>\n\t\t\t\t<div class=\"elementor-element elementor-element-de16e9d elementor-widget elementor-widget-button\" data-id=\"de16e9d\" data-element_type=\"widget\" data-e-type=\"widget\" data-widget_type=\"button.default\">\n\t\t\t\t\t\t\t\t\t\t<a class=\"elementor-button elementor-button-link elementor-size-sm\" href=\"\/en\/slides\/\" target=\"_blank\">\n\t\t\t\t\t\t<span class=\"elementor-button-content-wrapper\">\n\t\t\t\t\t\t\t\t\t<span class=\"elementor-button-text\">Get Started<\/span>\n\t\t\t\t\t<\/span>\n\t\t\t\t\t<\/a>\n\t\t\t\t\t\t\t\t<\/div>\n\t\t\t\t<\/div>\n\t\t<div class=\"elementor-element elementor-element-6876ab7 e-con-full e-flex e-con e-child\" data-id=\"6876ab7\" data-element_type=\"container\" data-e-type=\"container\">\n\t\t\t\t<div class=\"elementor-element elementor-element-0eb8370 elementor-widget elementor-widget-image\" data-id=\"0eb8370\" data-element_type=\"widget\" data-e-type=\"widget\" data-widget_type=\"image.default\">\n\t\t\t\t\t\t\t\t\t\t\t\t\t\t\t<img fetchpriority=\"high\" decoding=\"async\" width=\"1024\" height=\"683\" src=\"https:\/\/visualolabs.com\/wp-content\/uploads\/2026\/02\/75feaa384fdca466e22edd90c686b01600628caa.jpg\" class=\"attachment-large size-large wp-image-21\" alt=\"\" \/>\t\t\t\t\t\t\t\t\t\t\t\t\t\t\t<\/div>\n\t\t\t\t<\/div>\n\t\t\t\t<\/div>\n\t\t\t\t\t<\/div>\n\t\t\t\t<\/div>\n\t\t<div class=\"elementor-element elementor-element-3e94724 e-flex e-con-boxed e-con e-parent\" data-id=\"3e94724\" data-element_type=\"container\" data-e-type=\"container\">\n\t\t\t\t\t<div class=\"e-con-inner\">\n\t\t\t\t<div class=\"elementor-element elementor-element-c8597c8 elementor-widget elementor-widget-spacer\" data-id=\"c8597c8\" data-element_type=\"widget\" data-e-type=\"widget\" data-widget_type=\"spacer.default\">\n\t\t\t\t\t\t\t<div class=\"elementor-spacer\">\n\t\t\t<div class=\"elementor-spacer-inner\"><\/div>\n\t\t<\/div>\n\t\t\t\t\t\t<\/div>\n\t\t\t\t<div class=\"elementor-element elementor-element-ce992bd elementor-widget elementor-widget-heading\" data-id=\"ce992bd\" data-element_type=\"widget\" data-e-type=\"widget\" data-widget_type=\"heading.default\">\n\t\t\t\t\t<h1 class=\"elementor-heading-title elementor-size-default\">Visualo Slides: Create professional presentations<br>without any design experience.<\/h1>\t\t\t\t<\/div>\n\t\t<div class=\"elementor-element elementor-element-079df1e e-grid e-con-full e-con e-child\" data-id=\"079df1e\" data-element_type=\"container\" data-e-type=\"container\">\n\t\t<div class=\"elementor-element elementor-element-195b62d e-con-full e-flex e-con e-child\" data-id=\"195b62d\" data-element_type=\"container\" data-e-type=\"container\" data-settings=\"{&quot;background_background&quot;:&quot;classic&quot;}\">\n\t\t\t\t<div class=\"elementor-element elementor-element-3d4b2b6 elementor-view-default elementor-widget elementor-widget-icon\" data-id=\"3d4b2b6\" data-element_type=\"widget\" data-e-type=\"widget\" data-widget_type=\"icon.default\">\n\t\t\t\t\t\t\t<div class=\"elementor-icon-wrapper\">\n\t\t\t<div class=\"elementor-icon\">\n\t\t\t<svg xmlns=\"http:\/\/www.w3.org\/2000\/svg\" width=\"48\" height=\"48\" fill=\"#000000\" viewbox=\"0 0 256 256\"><path d=\"M172,76a44,44,0,1,0-44,44A44.05,44.05,0,0,0,172,76Zm-44,28a28,28,0,1,1,28-28A28,28,0,0,1,128,104Zm60,24a44,44,0,1,0,44,44A44.05,44.05,0,0,0,188,128Zm0,72a28,28,0,1,1,28-28A28,28,0,0,1,188,200ZM68,128a44,44,0,1,0,44,44A44.05,44.05,0,0,0,68,128Zm0,72a28,28,0,1,1,28-28A28,28,0,0,1,68,200Z\"><\/path><\/svg>\t\t\t<\/div>\n\t\t<\/div>\n\t\t\t\t\t\t<\/div>\n\t\t\t\t<div class=\"elementor-element elementor-element-1c34591 elementor-widget elementor-widget-heading\" data-id=\"1c34591\" data-element_type=\"widget\" data-e-type=\"widget\" data-widget_type=\"heading.default\">\n\t\t\t\t\t<h2 class=\"elementor-heading-title elementor-size-default\">Automatic Conversion<br>into Professional Slides<\/h2>\t\t\t\t<\/div>\n\t\t\t\t<div class=\"elementor-element elementor-element-2630f4b elementor-widget elementor-widget-text-editor\" data-id=\"2630f4b\" data-element_type=\"widget\" data-e-type=\"widget\" data-widget_type=\"text-editor.default\">\n\t\t\t\t\t\t\t\t\t<p>Visualo Slides automatically transforms Excel and CSV data into impressive presentations \u2014 fast, accurate, and without any design skills required.<\/p>\t\t\t\t\t\t\t\t<\/div>\n\t\t\t\t<\/div>\n\t\t<div class=\"elementor-element elementor-element-a29e43f e-con-full e-flex e-con e-child\" data-id=\"a29e43f\" data-element_type=\"container\" data-e-type=\"container\" data-settings=\"{&quot;background_background&quot;:&quot;classic&quot;}\">\n\t\t\t\t<div class=\"elementor-element elementor-element-f4cb47d elementor-view-default elementor-widget elementor-widget-icon\" data-id=\"f4cb47d\" data-element_type=\"widget\" data-e-type=\"widget\" data-widget_type=\"icon.default\">\n\t\t\t\t\t\t\t<div class=\"elementor-icon-wrapper\">\n\t\t\t<div class=\"elementor-icon\">\n\t\t\t<svg xmlns=\"http:\/\/www.w3.org\/2000\/svg\" width=\"48\" height=\"48\" fill=\"#000000\" viewbox=\"0 0 256 256\"><path d=\"M80,40a40,40,0,1,0,40,40A40,40,0,0,0,80,40Zm0,64a24,24,0,1,1,24-24A24,24,0,0,1,80,104Zm96,16a40,40,0,1,0-40-40A40,40,0,0,0,176,120Zm0-64a24,24,0,1,1-24,24A24,24,0,0,1,176,56ZM80,136a40,40,0,1,0,40,40A40,40,0,0,0,80,136Zm0,64a24,24,0,1,1,24-24A24,24,0,0,1,80,200Zm96-64a40,40,0,1,0,40,40A40,40,0,0,0,176,136Zm0,64a24,24,0,1,1,24-24A24,24,0,0,1,176,200Z\"><\/path><\/svg>\t\t\t<\/div>\n\t\t<\/div>\n\t\t\t\t\t\t<\/div>\n\t\t\t\t<div class=\"elementor-element elementor-element-e5c5f26 elementor-widget elementor-widget-heading\" data-id=\"e5c5f26\" data-element_type=\"widget\" data-e-type=\"widget\" data-widget_type=\"heading.default\">\n\t\t\t\t\t<h2 class=\"elementor-heading-title elementor-size-default\">Easy to Use<br>for Everyone<\/h2>\t\t\t\t<\/div>\n\t\t\t\t<div class=\"elementor-element elementor-element-d056f4b elementor-widget elementor-widget-text-editor\" data-id=\"d056f4b\" data-element_type=\"widget\" data-e-type=\"widget\" data-widget_type=\"text-editor.default\">\n\t\t\t\t\t\t\t\t\t<p>Our solution enables even non-<span style=\"font-style: inherit; font-weight: inherit;\">experts to visualize data clearly and consistently while saving valuable time.<\/span><\/p>\t\t\t\t\t\t\t\t<\/div>\n\t\t\t\t<\/div>\n\t\t<div class=\"elementor-element elementor-element-c88a5c9 e-con-full e-flex e-con e-child\" data-id=\"c88a5c9\" data-element_type=\"container\" data-e-type=\"container\" data-settings=\"{&quot;background_background&quot;:&quot;classic&quot;}\">\n\t\t\t\t<div class=\"elementor-element elementor-element-ee46222 elementor-view-default elementor-widget elementor-widget-icon\" data-id=\"ee46222\" data-element_type=\"widget\" data-e-type=\"widget\" data-widget_type=\"icon.default\">\n\t\t\t\t\t\t\t<div class=\"elementor-icon-wrapper\">\n\t\t\t<div class=\"elementor-icon\">\n\t\t\t<svg xmlns=\"http:\/\/www.w3.org\/2000\/svg\" width=\"48\" height=\"48\" fill=\"#000000\" viewbox=\"0 0 256 256\"><path d=\"M80,40a40,40,0,1,0,40,40A40,40,0,0,0,80,40Zm0,64a24,24,0,1,1,24-24A24,24,0,0,1,80,104Zm96,16a40,40,0,1,0-40-40A40,40,0,0,0,176,120Zm0-64a24,24,0,1,1-24,24A24,24,0,0,1,176,56ZM80,136a40,40,0,1,0,40,40A40,40,0,0,0,80,136Zm0,64a24,24,0,1,1,24-24A24,24,0,0,1,80,200Zm136-24a8,8,0,0,1-8,8H184v24a8,8,0,0,1-16,0V184H144a8,8,0,0,1,0-16h24V144a8,8,0,0,1,16,0v24h24A8,8,0,0,1,216,176Z\"><\/path><\/svg>\t\t\t<\/div>\n\t\t<\/div>\n\t\t\t\t\t\t<\/div>\n\t\t\t\t<div class=\"elementor-element elementor-element-b25deae elementor-widget elementor-widget-heading\" data-id=\"b25deae\" data-element_type=\"widget\" data-e-type=\"widget\" data-widget_type=\"heading.default\">\n\t\t\t\t\t<h2 class=\"elementor-heading-title elementor-size-default\">Scalable and<br>Consistent Presentations<\/h2>\t\t\t\t<\/div>\n\t\t\t\t<div class=\"elementor-element elementor-element-e7e5090 elementor-widget elementor-widget-text-editor\" data-id=\"e7e5090\" data-element_type=\"widget\" data-e-type=\"widget\" data-widget_type=\"text-editor.default\">\n\t\t\t\t\t\t\t\t\t<p>Ensure consistent design across your presentations and effortlessly scale reports across teams with Visualo Slides.<\/p>\t\t\t\t\t\t\t\t<\/div>\n\t\t\t\t<\/div>\n\t\t\t\t<\/div>\n\t\t\t\t\t<\/div>\n\t\t\t\t<\/div>\n\t\t<div class=\"elementor-element elementor-element-9f694f9 e-flex e-con-boxed e-con e-parent\" data-id=\"9f694f9\" data-element_type=\"container\" data-e-type=\"container\">\n\t\t\t\t\t<div class=\"e-con-inner\">\n\t\t\t\t<div class=\"elementor-element elementor-element-8ec7185 elementor-widget elementor-widget-spacer\" data-id=\"8ec7185\" data-element_type=\"widget\" data-e-type=\"widget\" data-widget_type=\"spacer.default\">\n\t\t\t\t\t\t\t<div class=\"elementor-spacer\">\n\t\t\t<div class=\"elementor-spacer-inner\"><\/div>\n\t\t<\/div>\n\t\t\t\t\t\t<\/div>\n\t\t\t\t<div class=\"elementor-element elementor-element-fa00d68 elementor-widget elementor-widget-heading\" data-id=\"fa00d68\" data-element_type=\"widget\" data-e-type=\"widget\" data-widget_type=\"heading.default\">\n\t\t\t\t\t<h1 class=\"elementor-heading-title elementor-size-default\">How Visualo Slides Works<\/h1>\t\t\t\t<\/div>\n\t\t<div class=\"elementor-element elementor-element-2dbeb02 e-grid e-con-full e-con e-child\" data-id=\"2dbeb02\" data-element_type=\"container\" data-e-type=\"container\">\n\t\t<div class=\"elementor-element elementor-element-1190153 e-con-full e-flex e-con e-child\" data-id=\"1190153\" data-element_type=\"container\" data-e-type=\"container\" data-settings=\"{&quot;background_background&quot;:&quot;classic&quot;}\">\n\t\t\t\t<div class=\"elementor-element elementor-element-4568bec elementor-view-default elementor-widget elementor-widget-icon\" data-id=\"4568bec\" data-element_type=\"widget\" data-e-type=\"widget\" data-widget_type=\"icon.default\">\n\t\t\t\t\t\t\t<div class=\"elementor-icon-wrapper\">\n\t\t\t<div class=\"elementor-icon\">\n\t\t\t<svg xmlns=\"http:\/\/www.w3.org\/2000\/svg\" width=\"48\" height=\"48\" fill=\"#000000\" viewbox=\"0 0 256 256\"><path d=\"M128,24A104,104,0,1,0,232,128,104.11,104.11,0,0,0,128,24Zm0,192a88,88,0,1,1,88-88A88.1,88.1,0,0,1,128,216ZM140,80v96a8,8,0,0,1-16,0V95l-11.56,7.71a8,8,0,1,1-8.88-13.32l24-16A8,8,0,0,1,140,80Z\"><\/path><\/svg>\t\t\t<\/div>\n\t\t<\/div>\n\t\t\t\t\t\t<\/div>\n\t\t\t\t<div class=\"elementor-element elementor-element-3df3a3a elementor-widget elementor-widget-heading\" data-id=\"3df3a3a\" data-element_type=\"widget\" data-e-type=\"widget\" data-widget_type=\"heading.default\">\n\t\t\t\t\t<h2 class=\"elementor-heading-title elementor-size-default\">Import Your Data<\/h2>\t\t\t\t<\/div>\n\t\t\t\t<div class=\"elementor-element elementor-element-8d7caed elementor-widget elementor-widget-text-editor\" data-id=\"8d7caed\" data-element_type=\"widget\" data-e-type=\"widget\" data-widget_type=\"text-editor.default\">\n\t\t\t\t\t\t\t\t\t<p>Upload your Excel or CSV file, and Visualo Slides will automatically read and prepare your data for slide generation.<\/p>\t\t\t\t\t\t\t\t<\/div>\n\t\t\t\t<\/div>\n\t\t<div class=\"elementor-element elementor-element-b2fe7ec e-con-full e-flex e-con e-child\" data-id=\"b2fe7ec\" data-element_type=\"container\" data-e-type=\"container\" data-settings=\"{&quot;background_background&quot;:&quot;classic&quot;}\">\n\t\t\t\t<div class=\"elementor-element elementor-element-0aedcf3 elementor-view-default elementor-widget elementor-widget-icon\" data-id=\"0aedcf3\" data-element_type=\"widget\" data-e-type=\"widget\" data-widget_type=\"icon.default\">\n\t\t\t\t\t\t\t<div class=\"elementor-icon-wrapper\">\n\t\t\t<div class=\"elementor-icon\">\n\t\t\t<svg xmlns=\"http:\/\/www.w3.org\/2000\/svg\" width=\"48\" height=\"48\" fill=\"#000000\" viewbox=\"0 0 256 256\"><path d=\"M128,24A104,104,0,1,0,232,128,104.11,104.11,0,0,0,128,24Zm0,192a88,88,0,1,1,88-88A88.1,88.1,0,0,1,128,216Zm25.56-92.74L120,168h32a8,8,0,0,1,0,16H104a8,8,0,0,1-6.4-12.8l43.17-57.56a16,16,0,1,0-27.86-15,8,8,0,0,1-15.09-5.34,32,32,0,1,1,55.74,29.93Z\"><\/path><\/svg>\t\t\t<\/div>\n\t\t<\/div>\n\t\t\t\t\t\t<\/div>\n\t\t\t\t<div class=\"elementor-element elementor-element-406dca0 elementor-widget elementor-widget-heading\" data-id=\"406dca0\" data-element_type=\"widget\" data-e-type=\"widget\" data-widget_type=\"heading.default\">\n\t\t\t\t\t<h2 class=\"elementor-heading-title elementor-size-default\">Automatic Slide Creation<\/h2>\t\t\t\t<\/div>\n\t\t\t\t<div class=\"elementor-element elementor-element-7863c87 elementor-widget elementor-widget-text-editor\" data-id=\"7863c87\" data-element_type=\"widget\" data-e-type=\"widget\" data-widget_type=\"text-editor.default\">\n\t\t\t\t\t\t\t\t\t<p>Visualo Slides instantly transforms your data into structured, visually consistent, and presentation-ready slides.<\/p>\t\t\t\t\t\t\t\t<\/div>\n\t\t\t\t<\/div>\n\t\t<div class=\"elementor-element elementor-element-b260ab2 e-con-full e-flex e-con e-child\" data-id=\"b260ab2\" data-element_type=\"container\" data-e-type=\"container\" data-settings=\"{&quot;background_background&quot;:&quot;classic&quot;}\">\n\t\t\t\t<div class=\"elementor-element elementor-element-722e818 elementor-view-default elementor-widget elementor-widget-icon\" data-id=\"722e818\" data-element_type=\"widget\" data-e-type=\"widget\" data-widget_type=\"icon.default\">\n\t\t\t\t\t\t\t<div class=\"elementor-icon-wrapper\">\n\t\t\t<div class=\"elementor-icon\">\n\t\t\t<svg xmlns=\"http:\/\/www.w3.org\/2000\/svg\" width=\"48\" height=\"48\" fill=\"#000000\" viewbox=\"0 0 256 256\"><path d=\"M128,24A104,104,0,1,0,232,128,104.11,104.11,0,0,0,128,24Zm0,192a88,88,0,1,1,88-88A88.1,88.1,0,0,1,128,216Zm32-64a36,36,0,0,1-61.71,25.19A8,8,0,1,1,109.71,166,20,20,0,1,0,124,132a8,8,0,0,1-6.55-12.59L136.63,92H104a8,8,0,0,1,0-16h48a8,8,0,0,1,6.55,12.59l-21,30A36.07,36.07,0,0,1,160,152Z\"><\/path><\/svg>\t\t\t<\/div>\n\t\t<\/div>\n\t\t\t\t\t\t<\/div>\n\t\t\t\t<div class=\"elementor-element elementor-element-6cda936 elementor-widget elementor-widget-heading\" data-id=\"6cda936\" data-element_type=\"widget\" data-e-type=\"widget\" data-widget_type=\"heading.default\">\n\t\t\t\t\t<h2 class=\"elementor-heading-title elementor-size-default\">Customize &amp; Share<\/h2>\t\t\t\t<\/div>\n\t\t\t\t<div class=\"elementor-element elementor-element-e157a5c elementor-widget elementor-widget-text-editor\" data-id=\"e157a5c\" data-element_type=\"widget\" data-e-type=\"widget\" data-widget_type=\"text-editor.default\">\n\t\t\t\t\t\t\t\t\t<p>Refine your slides as needed and share them with clients or your team for impactful presentations.<\/p>\t\t\t\t\t\t\t\t<\/div>\n\t\t\t\t<\/div>\n\t\t\t\t<\/div>\n\t\t\t\t\t<\/div>\n\t\t\t\t<\/div>\n\t\t\t\t<\/div>","protected":false},"excerpt":{"rendered":"<p>Daten aus Excel sofort als Pr\u00e4sentation verf\u00fcgbar Visualo Slides verwandelt Ihre Tabellen blitzschnell in professionelle Pr\u00e4sentationen \u2013 keine Designerkenntnisse n\u00f6tig. [&hellip;]<\/p>\n","protected":false},"author":1,"featured_media":0,"parent":0,"menu_order":0,"comment_status":"closed","ping_status":"closed","template":"","meta":{"site-sidebar-layout":"no-sidebar","site-content-layout":"","ast-site-content-layout":"full-width-container","site-content-style":"default","site-sidebar-style":"default","ast-global-header-display":"","ast-banner-title-visibility":"","ast-main-header-display":"","ast-hfb-above-header-display":"","ast-hfb-below-header-display":"","ast-hfb-mobile-header-display":"","site-post-title":"disabled","ast-breadcrumbs-content":"","ast-featured-img":"disabled","footer-sml-layout":"","ast-disable-related-posts":"","theme-transparent-header-meta":"","adv-header-id-meta":"","stick-header-meta":"","header-above-stick-meta":"","header-main-stick-meta":"","header-below-stick-meta":"","astra-migrate-meta-layouts":"default","ast-page-background-enabled":"default","ast-page-background-meta":{"desktop":{"background-color":"var(--ast-global-color-5)","background-image":"","background-repeat":"repeat","background-position":"center center","background-size":"auto","background-attachment":"scroll","background-type":"","background-media":"","overlay-type":"","overlay-color":"","overlay-opacity":"","overlay-gradient":""},"tablet":{"background-color":"","background-image":"","background-repeat":"repeat","background-position":"center center","background-size":"auto","background-attachment":"scroll","background-type":"","background-media":"","overlay-type":"","overlay-color":"","overlay-opacity":"","overlay-gradient":""},"mobile":{"background-color":"","background-image":"","background-repeat":"repeat","background-position":"center center","background-size":"auto","background-attachment":"scroll","background-type":"","background-media":"","overlay-type":"","overlay-color":"","overlay-opacity":"","overlay-gradient":""}},"ast-content-background-meta":{"desktop":{"background-color":"var(--ast-global-color-4)","background-image":"","background-repeat":"repeat","background-position":"center center","background-size":"auto","background-attachment":"scroll","background-type":"","background-media":"","overlay-type":"","overlay-color":"","overlay-opacity":"","overlay-gradient":""},"tablet":{"background-color":"var(--ast-global-color-4)","background-image":"","background-repeat":"repeat","background-position":"center center","background-size":"auto","background-attachment":"scroll","background-type":"","background-media":"","overlay-type":"","overlay-color":"","overlay-opacity":"","overlay-gradient":""},"mobile":{"background-color":"var(--ast-global-color-4)","background-image":"","background-repeat":"repeat","background-position":"center center","background-size":"auto","background-attachment":"scroll","background-type":"","background-media":"","overlay-type":"","overlay-color":"","overlay-opacity":"","overlay-gradient":""}},"footnotes":""},"class_list":["post-9","page","type-page","status-publish","hentry"],"_links":{"self":[{"href":"https:\/\/visualolabs.com\/en\/wp-json\/wp\/v2\/pages\/9","targetHints":{"allow":["GET"]}}],"collection":[{"href":"https:\/\/visualolabs.com\/en\/wp-json\/wp\/v2\/pages"}],"about":[{"href":"https:\/\/visualolabs.com\/en\/wp-json\/wp\/v2\/types\/page"}],"author":[{"embeddable":true,"href":"https:\/\/visualolabs.com\/en\/wp-json\/wp\/v2\/users\/1"}],"replies":[{"embeddable":true,"href":"https:\/\/visualolabs.com\/en\/wp-json\/wp\/v2\/comments?post=9"}],"version-history":[{"count":110,"href":"https:\/\/visualolabs.com\/en\/wp-json\/wp\/v2\/pages\/9\/revisions"}],"predecessor-version":[{"id":461,"href":"https:\/\/visualolabs.com\/en\/wp-json\/wp\/v2\/pages\/9\/revisions\/461"}],"wp:attachment":[{"href":"https:\/\/visualolabs.com\/en\/wp-json\/wp\/v2\/media?parent=9"}],"curies":[{"name":"wp","href":"https:\/\/api.w.org\/{rel}","templated":true}]}}